{"id":74,"date":"2025-03-26T09:37:03","date_gmt":"2025-03-26T09:37:03","guid":{"rendered":"http:\/\/poligonwp.you2.pl\/?page_id=74"},"modified":"2025-03-26T18:55:20","modified_gmt":"2025-03-26T18:55:20","slug":"elementor-test","status":"publish","type":"page","link":"https:\/\/poligonwp.you2.pl\/index.php\/elementor-test\/","title":{"rendered":"Elementor test"},"content":{"rendered":"\t\t<div data-elementor-type=\"wp-page\" data-elementor-id=\"74\" class=\"elementor elementor-74\" data-elementor-post-type=\"page\">\n\t\t\t\t<div class=\"elementor-element elementor-element-27fd10f e-flex e-con-boxed e-con e-parent\" data-id=\"27fd10f\" data-element_type=\"container\">\n\t\t\t\t\t<div class=\"e-con-inner\">\n\t\t\t\t<div class=\"elementor-element elementor-element-87d35ac elementor-widget elementor-widget-ifso_dynamic_content\" data-id=\"87d35ac\" data-element_type=\"widget\" data-settings=\"{&quot;trigger&quot;:&quot;77&quot;,&quot;preview_trigger77&quot;:&quot;default&quot;}\" data-widget_type=\"ifso_dynamic_content.default\">\n\t\t\t\t<div class=\"elementor-widget-container\">\n\t\t\t\t\tZalogowa\u0142by\u015b si\u0119\t\t\t\t<\/div>\n\t\t\t\t<\/div>\n\t\t\t\t<div class=\"dce-visibility-event elementor-element elementor-element-32e1516 elementor-widget elementor-widget-dce-dynamic-osm-map\" data-id=\"32e1516\" data-element_type=\"widget\" data-settings=\"{&quot;enabled_visibility&quot;:&quot;yes&quot;,&quot;map_data_type&quot;:&quot;address&quot;,&quot;map_type&quot;:&quot;osm&quot;,&quot;zoom&quot;:{&quot;unit&quot;:&quot;px&quot;,&quot;size&quot;:14,&quot;sizes&quot;:[]},&quot;zoom_control&quot;:&quot;yes&quot;,&quot;box_zoom&quot;:&quot;yes&quot;,&quot;double_click_zoom&quot;:&quot;yes&quot;,&quot;dragging&quot;:&quot;yes&quot;,&quot;enable_layers_group&quot;:&quot;yes&quot;,&quot;dce_visibility_selected&quot;:&quot;yes&quot;}\" data-widget_type=\"dce-dynamic-osm-map.default\">\n\t\t\t\t<div class=\"elementor-widget-container\">\n\t\t\t\t\t<div data_repeater=\"[{&quot;rep_address&quot;:&quot;Piazza San Marco, Venice, Italy&quot;,&quot;_id&quot;:&quot;b381a1b&quot;,&quot;text_infowindow_address&quot;:null,&quot;custom_marker_address&quot;:&quot;&quot;,&quot;image_marker_address&quot;:null,&quot;width_marker_address&quot;:null,&quot;height_marker_address&quot;:null,&quot;custom_infowindow_address&quot;:&quot;&quot;}]\" class=\"dce-osm-wrapper\" style=\"width: 100%;\"><\/div>\t\t\t\t<\/div>\n\t\t\t\t<\/div>\n\t\t\t\t<div class=\"elementor-element elementor-element-17ad9a5 elementor-widget elementor-widget-button\" data-id=\"17ad9a5\" data-element_type=\"widget\" data-widget_type=\"button.default\">\n\t\t\t\t<div class=\"elementor-widget-container\">\n\t\t\t\t\t\t\t\t\t<div class=\"elementor-button-wrapper\">\n\t\t\t\t\t<a class=\"elementor-button elementor-button-link elementor-size-sm\" href=\"#\">\n\t\t\t\t\t\t<span class=\"elementor-button-content-wrapper\">\n\t\t\t\t\t\t\t\t\t<span class=\"elementor-button-text\">Kliknij tutaj<\/span>\n\t\t\t\t\t<\/span>\n\t\t\t\t\t<\/a>\n\t\t\t\t<\/div>\n\t\t\t\t\t\t\t\t<\/div>\n\t\t\t\t<\/div>\n\t\t\t\t\t<\/div>\n\t\t\t\t<\/div>\n\t\t\t\t<\/div>\n\t\t","protected":false},"excerpt":{"rendered":"<p>No hej ty zalogowany \u015bwirze Kliknij tutaj<\/p>\n","protected":false},"author":1,"featured_media":0,"parent":0,"menu_order":0,"comment_status":"closed","ping_status":"closed","template":"","meta":{"_acf_changed":false,"footnotes":""},"class_list":["post-74","page","type-page","status-publish","hentry"],"acf":[],"_links":{"self":[{"href":"https:\/\/poligonwp.you2.pl\/index.php\/wp-json\/wp\/v2\/pages\/74","targetHints":{"allow":["GET"]}}],"collection":[{"href":"https:\/\/poligonwp.you2.pl\/index.php\/wp-json\/wp\/v2\/pages"}],"about":[{"href":"https:\/\/poligonwp.you2.pl\/index.php\/wp-json\/wp\/v2\/types\/page"}],"author":[{"embeddable":true,"href":"https:\/\/poligonwp.you2.pl\/index.php\/wp-json\/wp\/v2\/users\/1"}],"replies":[{"embeddable":true,"href":"https:\/\/poligonwp.you2.pl\/index.php\/wp-json\/wp\/v2\/comments?post=74"}],"version-history":[{"count":19,"href":"https:\/\/poligonwp.you2.pl\/index.php\/wp-json\/wp\/v2\/pages\/74\/revisions"}],"predecessor-version":[{"id":110,"href":"https:\/\/poligonwp.you2.pl\/index.php\/wp-json\/wp\/v2\/pages\/74\/revisions\/110"}],"wp:attachment":[{"href":"https:\/\/poligonwp.you2.pl\/index.php\/wp-json\/wp\/v2\/media?parent=74"}],"curies":[{"name":"wp","href":"https:\/\/api.w.org\/{rel}","templated":true}]}}